{"id":160,"date":"2024-07-17T12:14:46","date_gmt":"2024-07-17T12:14:46","guid":{"rendered":"https:\/\/mat-part.pl\/?page_id=160"},"modified":"2024-07-22T16:52:47","modified_gmt":"2024-07-22T16:52:47","slug":"serwis","status":"publish","type":"page","link":"https:\/\/mat-part.pl\/?page_id=160","title":{"rendered":""},"content":{"rendered":"\t\t<div data-elementor-type=\"wp-page\" data-elementor-id=\"160\" class=\"elementor elementor-160\" data-elementor-post-type=\"page\">\n\t\t\t\t<div class=\"elementor-element elementor-element-8ad120b e-flex e-con-boxed e-con e-parent\" data-id=\"8ad120b\" data-element_type=\"container\">\n\t\t\t\t\t<div class=\"e-con-inner\">\n\t\t\t\t<div class=\"elementor-element elementor-element-81dccf3 elementor-widget elementor-widget-text-editor\" data-id=\"81dccf3\" data-element_type=\"widget\" data-widget_type=\"text-editor.default\">\n\t\t\t\t<div class=\"elementor-widget-container\">\n\t\t\t<style>\/*! elementor - v3.23.0 - 15-07-2024 *\/\n.elementor-widget-text-editor.elementor-drop-cap-view-stacked .elementor-drop-cap{background-color:#69727d;color:#fff}.elementor-widget-text-editor.elementor-drop-cap-view-framed .elementor-drop-cap{color:#69727d;border:3px solid;background-color:transparent}.elementor-widget-text-editor:not(.elementor-drop-cap-view-default) .elementor-drop-cap{margin-top:8px}.elementor-widget-text-editor:not(.elementor-drop-cap-view-default) .elementor-drop-cap-letter{width:1em;height:1em}.elementor-widget-text-editor .elementor-drop-cap{float:left;text-align:center;line-height:1;font-size:50px}.elementor-widget-text-editor .elementor-drop-cap-letter{display:inline-block}<\/style>\t\t\t\t<p>\u00a0<\/p><p>Uzupe\u0142nieniem naszej oferty jest serwis maszyn rolniczych w stacjonarnym punkcie jak i mobilnie.<\/p><p>Nasz serwis dysponuje mo\u017cliwo\u015bciami pe\u0142nej diagnostyki ci\u0105gnik\u00f3w i kombajn\u00f3w z grupy CNH.<\/p><p>W sezonie letnim doskonale radzimy sobie z napraw\u0105 uk\u0142ad\u00f3w klimatyzacji.<\/p><p>Zapraszamy do skorzystania z naszej oferty!<\/p><p>.<\/p>\t\t\t\t\t\t<\/div>\n\t\t\t\t<\/div>\n\t\t\t\t\t<\/div>\n\t\t\t\t<\/div>\n\t\t\t\t<\/div>\n\t\t","protected":false},"excerpt":{"rendered":"<p>\u00a0 Uzupe\u0142nieniem naszej oferty jest serwis maszyn rolniczych w stacjonarnym punkcie jak i mobilnie. Nasz serwis dysponuje mo\u017cliwo\u015bciami pe\u0142nej diagnostyki ci\u0105gnik\u00f3w i kombajn\u00f3w z grupy CNH. W sezonie letnim doskonale radzimy sobie z napraw\u0105 uk\u0142ad\u00f3w klimatyzacji. Zapraszamy do skorzystania z naszej oferty! .<\/p>\n","protected":false},"author":1,"featured_media":0,"parent":0,"menu_order":0,"comment_status":"closed","ping_status":"closed","template":"elementor_theme","meta":{"footnotes":""},"class_list":["post-160","page","type-page","status-publish","hentry"],"_links":{"self":[{"href":"https:\/\/mat-part.pl\/index.php?rest_route=\/wp\/v2\/pages\/160","targetHints":{"allow":["GET"]}}],"collection":[{"href":"https:\/\/mat-part.pl\/index.php?rest_route=\/wp\/v2\/pages"}],"about":[{"href":"https:\/\/mat-part.pl\/index.php?rest_route=\/wp\/v2\/types\/page"}],"author":[{"embeddable":true,"href":"https:\/\/mat-part.pl\/index.php?rest_route=\/wp\/v2\/users\/1"}],"replies":[{"embeddable":true,"href":"https:\/\/mat-part.pl\/index.php?rest_route=%2Fwp%2Fv2%2Fcomments&post=160"}],"version-history":[{"count":7,"href":"https:\/\/mat-part.pl\/index.php?rest_route=\/wp\/v2\/pages\/160\/revisions"}],"predecessor-version":[{"id":200,"href":"https:\/\/mat-part.pl\/index.php?rest_route=\/wp\/v2\/pages\/160\/revisions\/200"}],"wp:attachment":[{"href":"https:\/\/mat-part.pl\/index.php?rest_route=%2Fwp%2Fv2%2Fmedia&parent=160"}],"curies":[{"name":"wp","href":"https:\/\/api.w.org\/{rel}","templated":true}]}}